{"id":17,"date":"2022-06-10T15:44:41","date_gmt":"2022-06-10T15:44:41","guid":{"rendered":"https:\/\/kadence.pixel-show.com\/cleaning-services\/?page_id=17"},"modified":"2025-06-07T20:47:48","modified_gmt":"2025-06-07T18:47:48","slug":"contacts","status":"publish","type":"page","link":"https:\/\/serwiszamosc.pl\/?page_id=17","title":{"rendered":"Kontakt"},"content":{"rendered":"<style>.kb-row-layout-id17_b052bd-94 > .kt-row-column-wrap{align-content:start;}:where(.kb-row-layout-id17_b052bd-94 > .kt-row-column-wrap) > .wp-block-kadence-column{justify-content:start;}.kb-row-layout-id17_b052bd-94 > .kt-row-column-wrap{column-gap:var(--global-kb-gap-md, 2rem);row-gap:var(--global-kb-gap-md, 2rem);max-width:var( --global-content-width, 1290px );padding-left:var(--global-content-edge-padding);padding-right:var(--global-content-edge-padding);padding-top:140px;padding-bottom:100px;grid-template-columns:minmax(0, 1fr);}.kb-row-layout-id17_b052bd-94 > .kt-row-layout-overlay{opacity:0.07;background-image:url('https:\/\/serwiszamosc.pl\/wp-content\/uploads\/2025\/06\/naprawa-plytki-drukowanej-w-widoku-z-gory-scaled.jpg');background-size:cover;background-position:51% 55.00000000000001%;background-attachment:scroll;background-repeat:no-repeat;mix-blend-mode:normal;}@media all and (max-width: 1024px){.kb-row-layout-id17_b052bd-94 > .kt-row-column-wrap{padding-top:80px;padding-bottom:80px;grid-template-columns:minmax(0, 1fr);}}@media all and (max-width: 767px){.kb-row-layout-id17_b052bd-94 > .kt-row-column-wrap{padding-top:100px;padding-right:30px;padding-bottom:80px;padding-left:30px;grid-template-columns:minmax(0, 1fr);}}<\/style><div class=\"kb-row-layout-wrap kb-row-layout-id17_b052bd-94 alignnone has-theme-palette8-background-color kt-row-has-bg wp-block-kadence-rowlayout\"><div class=\"kt-row-layout-overlay kt-row-overlay-normal\"><\/div><div class=\"kt-row-column-wrap kt-has-1-columns kt-row-layout-equal kt-tab-layout-inherit kt-mobile-layout-row kt-row-valign-top kb-theme-content-width\">\n<style>.kadence-column17_f77d83-c7 > .kt-inside-inner-col,.kadence-column17_f77d83-c7 > .kt-inside-inner-col:before{border-top-left-radius:0px;border-top-right-radius:0px;border-bottom-right-radius:0px;border-bottom-left-radius:0px;}.kadence-column17_f77d83-c7 > .kt-inside-inner-col{column-gap:var(--global-kb-gap-sm, 1rem);}.kadence-column17_f77d83-c7 > .kt-inside-inner-col{flex-direction:column;}.kadence-column17_f77d83-c7 > .kt-inside-inner-col > .aligncenter{width:100%;}.kadence-column17_f77d83-c7 > .kt-inside-inner-col:before{opacity:0.3;}.kadence-column17_f77d83-c7{position:relative;}@media all and (max-width: 1024px){.kadence-column17_f77d83-c7 > .kt-inside-inner-col{padding-top:0px;padding-right:0px;padding-bottom:0px;padding-left:0px;flex-direction:column;}}@media all and (max-width: 767px){.kadence-column17_f77d83-c7 > .kt-inside-inner-col{flex-direction:column;}}<\/style>\n<div class=\"wp-block-kadence-column kadence-column17_f77d83-c7 inner-column-1\"><div class=\"kt-inside-inner-col\"><style>.kb-row-layout-id17_65a5a7-ca > .kt-row-column-wrap{align-content:start;}:where(.kb-row-layout-id17_65a5a7-ca > .kt-row-column-wrap) > .wp-block-kadence-column{justify-content:start;}.kb-row-layout-id17_65a5a7-ca > .kt-row-column-wrap{column-gap:var(--global-kb-gap-md, 2rem);row-gap:var(--global-kb-gap-md, 2rem);max-width:600px;margin-left:auto;margin-right:auto;padding-top:0px;padding-bottom:0px;grid-template-columns:minmax(0, 1fr);}.kb-row-layout-id17_65a5a7-ca > .kt-row-layout-overlay{opacity:0.30;}@media all and (max-width: 1024px){.kb-row-layout-id17_65a5a7-ca > .kt-row-column-wrap{padding-top:0px;padding-right:0px;padding-bottom:0px;padding-left:0px;grid-template-columns:minmax(0, 1fr);}}@media all and (max-width: 767px){.kb-row-layout-id17_65a5a7-ca > .kt-row-column-wrap{grid-template-columns:minmax(0, 1fr);}}<\/style><div class=\"kb-row-layout-wrap kb-row-layout-id17_65a5a7-ca alignnone wp-block-kadence-rowlayout\"><div class=\"kt-row-column-wrap kt-has-1-columns kt-row-layout-equal kt-tab-layout-inherit kt-mobile-layout-row kt-row-valign-top\">\n<style>.kadence-column17_21ce76-42 > .kt-inside-inner-col{padding-right:40px;padding-left:40px;}.kadence-column17_21ce76-42 > .kt-inside-inner-col,.kadence-column17_21ce76-42 > .kt-inside-inner-col:before{border-top-left-radius:0px;border-top-right-radius:0px;border-bottom-right-radius:0px;border-bottom-left-radius:0px;}.kadence-column17_21ce76-42 > .kt-inside-inner-col{column-gap:var(--global-kb-gap-sm, 1rem);}.kadence-column17_21ce76-42 > .kt-inside-inner-col{flex-direction:column;}.kadence-column17_21ce76-42 > .kt-inside-inner-col > .aligncenter{width:100%;}.kadence-column17_21ce76-42 > .kt-inside-inner-col:before{opacity:0.3;}.kadence-column17_21ce76-42{position:relative;}@media all and (max-width: 1024px){.kadence-column17_21ce76-42 > .kt-inside-inner-col{flex-direction:column;}}@media all and (max-width: 767px){.kadence-column17_21ce76-42 > .kt-inside-inner-col{padding-right:0px;padding-left:0px;flex-direction:column;}}<\/style>\n<div class=\"wp-block-kadence-column kadence-column17_21ce76-42 inner-column-1\"><div class=\"kt-inside-inner-col\"><style>.wp-block-kadence-advancedheading.kt-adv-heading17_f243a7-64, .wp-block-kadence-advancedheading.kt-adv-heading17_f243a7-64[data-kb-block=\"kb-adv-heading17_f243a7-64\"]{padding-top:0px;padding-right:0px;padding-bottom:20px;padding-left:0px;margin-top:0px;margin-right:0px;margin-bottom:0px;margin-left:0px;text-align:center;font-style:normal;text-transform:capitalize;}.wp-block-kadence-advancedheading.kt-adv-heading17_f243a7-64 mark.kt-highlight, .wp-block-kadence-advancedheading.kt-adv-heading17_f243a7-64[data-kb-block=\"kb-adv-heading17_f243a7-64\"] mark.kt-highlight{font-style:normal;color:#f76a0c;-webkit-box-decoration-break:clone;box-decoration-break:clone;padding-top:0px;padding-right:0px;padding-bottom:0px;padding-left:0px;}<\/style>\n<h1 class=\"kt-adv-heading17_f243a7-64 wp-block-kadence-advancedheading has-theme-palette-3-color has-text-color\" data-kb-block=\"kb-adv-heading17_f243a7-64\">Kontakt<\/h1>\n\n\n<style>.wp-block-kadence-advancedheading.kt-adv-heading17_1dd62b-63, .wp-block-kadence-advancedheading.kt-adv-heading17_1dd62b-63[data-kb-block=\"kb-adv-heading17_1dd62b-63\"]{padding-right:0px;padding-left:0px;text-align:center;font-style:normal;}.wp-block-kadence-advancedheading.kt-adv-heading17_1dd62b-63 mark.kt-highlight, .wp-block-kadence-advancedheading.kt-adv-heading17_1dd62b-63[data-kb-block=\"kb-adv-heading17_1dd62b-63\"] mark.kt-highlight{font-style:normal;color:#f76a0c;-webkit-box-decoration-break:clone;box-decoration-break:clone;padding-top:0px;padding-right:0px;padding-bottom:0px;padding-left:0px;}@media all and (max-width: 767px){.wp-block-kadence-advancedheading.kt-adv-heading17_1dd62b-63, .wp-block-kadence-advancedheading.kt-adv-heading17_1dd62b-63[data-kb-block=\"kb-adv-heading17_1dd62b-63\"]{padding-right:0px;padding-left:0px;}}<\/style>\n<p class=\"kt-adv-heading17_1dd62b-63 wp-block-kadence-advancedheading has-theme-palette-3-color has-text-color\" data-kb-block=\"kb-adv-heading17_1dd62b-63\"><strong>P.H.U. Krzysztof Domagalski- serwis Hulajn\u00f3g<\/strong><br>ul. Lwowska, nr 40A<br>22-400 Zamo\u015b\u0107<br>tel. 786-011-789<\/p>\n<\/div><\/div>\n\n<\/div><\/div><\/div><\/div>\n\n<\/div><\/div>\n\n\n<iframe src=\"https:\/\/www.google.com\/maps\/embed?pb=!1m18!1m12!1m3!1d631.6713716661509!2d23.281004822717144!3d50.707220751330276!2m3!1f0!2f0!3f0!3m2!1i1024!2i768!4f13.1!3m3!1m2!1s0x4723670038e2081f%3A0x38f9ec7667fea970!2sZak%C5%82ad%20naprawy%20hulajn%C3%B3g%20i%20RTV!5e0!3m2!1spl!2spl!4v1749299737164!5m2!1spl!2spl\" width=\"100%\" height=\"450\" style=\"border:0;\" allowfullscreen=\"\" loading=\"lazy\" referrerpolicy=\"no-referrer-when-downgrade\"><\/iframe>\n","protected":false},"excerpt":{"rendered":"<p>Kontakt P.H.U. Krzysztof Domagalski- serwis Hulajn\u00f3gul. Lwowska, nr 40A22-400 Zamo\u015b\u0107tel. 786-011-789<\/p>\n","protected":false},"author":1,"featured_media":0,"parent":0,"menu_order":0,"comment_status":"closed","ping_status":"closed","template":"","meta":{"_kadence_starter_templates_imported_post":true,"_kad_post_transparent":"","_kad_post_title":"hide","_kad_post_layout":"fullwidth","_kad_post_sidebar_id":"","_kad_post_content_style":"unboxed","_kad_post_vertical_padding":"hide","_kad_post_feature":"hide","_kad_post_feature_position":"","_kad_post_header":false,"_kad_post_footer":false,"footnotes":""},"class_list":["post-17","page","type-page","status-publish","hentry"],"_links":{"self":[{"href":"https:\/\/serwiszamosc.pl\/index.php?rest_route=\/wp\/v2\/pages\/17","targetHints":{"allow":["GET"]}}],"collection":[{"href":"https:\/\/serwiszamosc.pl\/index.php?rest_route=\/wp\/v2\/pages"}],"about":[{"href":"https:\/\/serwiszamosc.pl\/index.php?rest_route=\/wp\/v2\/types\/page"}],"author":[{"embeddable":true,"href":"https:\/\/serwiszamosc.pl\/index.php?rest_route=\/wp\/v2\/users\/1"}],"replies":[{"embeddable":true,"href":"https:\/\/serwiszamosc.pl\/index.php?rest_route=%2Fwp%2Fv2%2Fcomments&post=17"}],"version-history":[{"count":2,"href":"https:\/\/serwiszamosc.pl\/index.php?rest_route=\/wp\/v2\/pages\/17\/revisions"}],"predecessor-version":[{"id":794,"href":"https:\/\/serwiszamosc.pl\/index.php?rest_route=\/wp\/v2\/pages\/17\/revisions\/794"}],"wp:attachment":[{"href":"https:\/\/serwiszamosc.pl\/index.php?rest_route=%2Fwp%2Fv2%2Fmedia&parent=17"}],"curies":[{"name":"wp","href":"https:\/\/api.w.org\/{rel}","templated":true}]}}